{"id":5403,"date":"2024-09-05T19:16:28","date_gmt":"2024-09-05T19:16:28","guid":{"rendered":"https:\/\/emotionboatclub.com\/?post_type=product&#038;p=5403"},"modified":"2024-12-20T21:50:11","modified_gmt":"2024-12-20T21:50:11","slug":"transferts-inter-iles","status":"publish","type":"product","link":"https:\/\/emotionboatclub.com\/en\/product\/transferts-inter-iles","title":{"rendered":"Inter-island transfers"},"content":{"rendered":"","protected":false},"excerpt":{"rendered":"<p>Voyagez confortablement et rapidement entre les \u00eeles de Saint-Martin, Saint-Barth\u00e9lemy, et Anguilla avec notre service de transfert priv\u00e9. Que ce soit pour un voyage d\u2019affaires, une escapade en famille, ou simplement pour rejoindre une nouvelle destination, nous vous garantissons un trajet s\u00fbr, rapide, et agr\u00e9able \u00e0 bord de notre Motion 42 SF.<\/p>","protected":false},"featured_media":4556,"comment_status":"open","ping_status":"closed","template":"","meta":[],"product_brand":[],"product_cat":[22],"product_tag":[],"class_list":{"0":"post-5403","1":"product","2":"type-product","3":"status-publish","4":"has-post-thumbnail","6":"product_cat-non-classe","8":"first","9":"instock","10":"sold-individually","11":"shipping-taxable","12":"purchasable","13":"product-type-variable"},"yoast_head":"<!-- This site is optimized with the Yoast SEO plugin v27.4 - https:\/\/yoast.com\/product\/yoast-seo-wordpress\/ -->\n<title>Transferts inter-\u00eeles | Emotion Boat Club<\/title>\n<meta name=\"robots\" content=\"index, follow, max-snippet:-1, max-image-preview:large, max-video-preview:-1\" \/>\n<link rel=\"canonical\" href=\"https:\/\/emotionboatclub.com\/en\/product\/transferts-inter-iles\/\" \/>\n<meta property=\"og:locale\" content=\"en_US\" \/>\n<meta property=\"og:type\" content=\"article\" \/>\n<meta property=\"og:title\" content=\"Transferts inter-\u00eeles | Emotion Boat Club\" \/>\n<meta property=\"og:description\" content=\"Voyagez confortablement et rapidement entre les \u00eeles de Saint-Martin, Saint-Barth\u00e9lemy, et Anguilla avec notre service de transfert priv\u00e9. Que ce soit pour un voyage d\u2019affaires, une escapade en famille, ou simplement pour rejoindre une nouvelle destination, nous vous garantissons un trajet s\u00fbr, rapide, et agr\u00e9able \u00e0 bord de notre Motion 42 SF.\" \/>\n<meta property=\"og:url\" content=\"https:\/\/emotionboatclub.com\/en\/product\/transferts-inter-iles\/\" \/>\n<meta property=\"og:site_name\" content=\"Emotion Boat Club\" \/>\n<meta property=\"article:publisher\" content=\"https:\/\/www.facebook.com\/profile.php?id=61557965524032\" \/>\n<meta property=\"article:modified_time\" content=\"2024-12-20T21:50:11+00:00\" \/>\n<meta property=\"og:image\" content=\"https:\/\/emotionboatclub.com\/wp-content\/uploads\/2024\/08\/Axopar-37-XC-gallery_R7A9954_VSCO-scaled.jpg\" \/>\n\t<meta property=\"og:image:width\" content=\"2560\" \/>\n\t<meta property=\"og:image:height\" content=\"1707\" \/>\n\t<meta property=\"og:image:type\" content=\"image\/jpeg\" \/>\n<meta name=\"twitter:card\" content=\"summary_large_image\" \/>\n<script type=\"application\/ld+json\" class=\"yoast-schema-graph\">{\"@context\":\"https:\\\/\\\/schema.org\",\"@graph\":[{\"@type\":\"WebPage\",\"@id\":\"https:\\\/\\\/emotionboatclub.com\\\/produit\\\/transferts-inter-iles\",\"url\":\"https:\\\/\\\/emotionboatclub.com\\\/produit\\\/transferts-inter-iles\",\"name\":\"Transferts inter-\u00eeles | Emotion Boat Club\",\"isPartOf\":{\"@id\":\"https:\\\/\\\/emotionboatclub.com\\\/#website\"},\"primaryImageOfPage\":{\"@id\":\"https:\\\/\\\/emotionboatclub.com\\\/produit\\\/transferts-inter-iles#primaryimage\"},\"image\":{\"@id\":\"https:\\\/\\\/emotionboatclub.com\\\/produit\\\/transferts-inter-iles#primaryimage\"},\"thumbnailUrl\":\"https:\\\/\\\/emotionboatclub.com\\\/wp-content\\\/uploads\\\/2024\\\/08\\\/Axopar-37-XC-gallery_R7A9954_VSCO-scaled.jpg\",\"datePublished\":\"2024-09-05T19:16:28+00:00\",\"dateModified\":\"2024-12-20T21:50:11+00:00\",\"breadcrumb\":{\"@id\":\"https:\\\/\\\/emotionboatclub.com\\\/produit\\\/transferts-inter-iles#breadcrumb\"},\"inLanguage\":\"en-US\",\"potentialAction\":[{\"@type\":\"ReadAction\",\"target\":[\"https:\\\/\\\/emotionboatclub.com\\\/produit\\\/transferts-inter-iles\"]}]},{\"@type\":\"ImageObject\",\"inLanguage\":\"en-US\",\"@id\":\"https:\\\/\\\/emotionboatclub.com\\\/produit\\\/transferts-inter-iles#primaryimage\",\"url\":\"https:\\\/\\\/emotionboatclub.com\\\/wp-content\\\/uploads\\\/2024\\\/08\\\/Axopar-37-XC-gallery_R7A9954_VSCO-scaled.jpg\",\"contentUrl\":\"https:\\\/\\\/emotionboatclub.com\\\/wp-content\\\/uploads\\\/2024\\\/08\\\/Axopar-37-XC-gallery_R7A9954_VSCO-scaled.jpg\",\"width\":2560,\"height\":1707,\"caption\":\"Processed with VSCO with kp2 preset\"},{\"@type\":\"BreadcrumbList\",\"@id\":\"https:\\\/\\\/emotionboatclub.com\\\/produit\\\/transferts-inter-iles#breadcrumb\",\"itemListElement\":[{\"@type\":\"ListItem\",\"position\":1,\"name\":\"Accueil\",\"item\":\"https:\\\/\\\/emotionboatclub.com\\\/\"},{\"@type\":\"ListItem\",\"position\":2,\"name\":\"Produits\",\"item\":\"https:\\\/\\\/emotionboatclub.com\\\/shop\"},{\"@type\":\"ListItem\",\"position\":3,\"name\":\"Transferts inter-\u00eeles\"}]},{\"@type\":\"WebSite\",\"@id\":\"https:\\\/\\\/emotionboatclub.com\\\/#website\",\"url\":\"https:\\\/\\\/emotionboatclub.com\\\/\",\"name\":\"Emotion Boat Club\",\"description\":\"Naviguez vers vos r\u00eaves\",\"publisher\":{\"@id\":\"https:\\\/\\\/emotionboatclub.com\\\/#organization\"},\"alternateName\":\"Emotion Boat\",\"potentialAction\":[{\"@type\":\"SearchAction\",\"target\":{\"@type\":\"EntryPoint\",\"urlTemplate\":\"https:\\\/\\\/emotionboatclub.com\\\/?s={search_term_string}\"},\"query-input\":{\"@type\":\"PropertyValueSpecification\",\"valueRequired\":true,\"valueName\":\"search_term_string\"}}],\"inLanguage\":\"en-US\"},{\"@type\":\"Organization\",\"@id\":\"https:\\\/\\\/emotionboatclub.com\\\/#organization\",\"name\":\"Emotion Boat Club\",\"url\":\"https:\\\/\\\/emotionboatclub.com\\\/\",\"logo\":{\"@type\":\"ImageObject\",\"inLanguage\":\"en-US\",\"@id\":\"https:\\\/\\\/emotionboatclub.com\\\/#\\\/schema\\\/logo\\\/image\\\/\",\"url\":\"https:\\\/\\\/emotionboatclub.com\\\/wp-content\\\/uploads\\\/2025\\\/01\\\/Icon-Emotion-Boat-club-and-charter-sxm.png\",\"contentUrl\":\"https:\\\/\\\/emotionboatclub.com\\\/wp-content\\\/uploads\\\/2025\\\/01\\\/Icon-Emotion-Boat-club-and-charter-sxm.png\",\"width\":512,\"height\":512,\"caption\":\"Emotion Boat Club\"},\"image\":{\"@id\":\"https:\\\/\\\/emotionboatclub.com\\\/#\\\/schema\\\/logo\\\/image\\\/\"},\"sameAs\":[\"https:\\\/\\\/www.facebook.com\\\/profile.php?id=61557965524032\",\"https:\\\/\\\/www.instagram.com\\\/emotionboatclub\\\/\"]}]}<\/script>\n<!-- \/ Yoast SEO plugin. -->","yoast_head_json":{"title":"Transferts inter-\u00eeles | Emotion Boat Club","robots":{"index":"index","follow":"follow","max-snippet":"max-snippet:-1","max-image-preview":"max-image-preview:large","max-video-preview":"max-video-preview:-1"},"canonical":"https:\/\/emotionboatclub.com\/en\/product\/transferts-inter-iles\/","og_locale":"en_US","og_type":"article","og_title":"Transferts inter-\u00eeles | Emotion Boat Club","og_description":"Voyagez confortablement et rapidement entre les \u00eeles de Saint-Martin, Saint-Barth\u00e9lemy, et Anguilla avec notre service de transfert priv\u00e9. Que ce soit pour un voyage d\u2019affaires, une escapade en famille, ou simplement pour rejoindre une nouvelle destination, nous vous garantissons un trajet s\u00fbr, rapide, et agr\u00e9able \u00e0 bord de notre Motion 42 SF.","og_url":"https:\/\/emotionboatclub.com\/en\/product\/transferts-inter-iles\/","og_site_name":"Emotion Boat Club","article_publisher":"https:\/\/www.facebook.com\/profile.php?id=61557965524032","article_modified_time":"2024-12-20T21:50:11+00:00","og_image":[{"width":2560,"height":1707,"url":"https:\/\/emotionboatclub.com\/wp-content\/uploads\/2024\/08\/Axopar-37-XC-gallery_R7A9954_VSCO-scaled.jpg","type":"image\/jpeg"}],"twitter_card":"summary_large_image","schema":{"@context":"https:\/\/schema.org","@graph":[{"@type":"WebPage","@id":"https:\/\/emotionboatclub.com\/produit\/transferts-inter-iles","url":"https:\/\/emotionboatclub.com\/produit\/transferts-inter-iles","name":"Transferts inter-\u00eeles | Emotion Boat Club","isPartOf":{"@id":"https:\/\/emotionboatclub.com\/#website"},"primaryImageOfPage":{"@id":"https:\/\/emotionboatclub.com\/produit\/transferts-inter-iles#primaryimage"},"image":{"@id":"https:\/\/emotionboatclub.com\/produit\/transferts-inter-iles#primaryimage"},"thumbnailUrl":"https:\/\/emotionboatclub.com\/wp-content\/uploads\/2024\/08\/Axopar-37-XC-gallery_R7A9954_VSCO-scaled.jpg","datePublished":"2024-09-05T19:16:28+00:00","dateModified":"2024-12-20T21:50:11+00:00","breadcrumb":{"@id":"https:\/\/emotionboatclub.com\/produit\/transferts-inter-iles#breadcrumb"},"inLanguage":"en-US","potentialAction":[{"@type":"ReadAction","target":["https:\/\/emotionboatclub.com\/produit\/transferts-inter-iles"]}]},{"@type":"ImageObject","inLanguage":"en-US","@id":"https:\/\/emotionboatclub.com\/produit\/transferts-inter-iles#primaryimage","url":"https:\/\/emotionboatclub.com\/wp-content\/uploads\/2024\/08\/Axopar-37-XC-gallery_R7A9954_VSCO-scaled.jpg","contentUrl":"https:\/\/emotionboatclub.com\/wp-content\/uploads\/2024\/08\/Axopar-37-XC-gallery_R7A9954_VSCO-scaled.jpg","width":2560,"height":1707,"caption":"Processed with VSCO with kp2 preset"},{"@type":"BreadcrumbList","@id":"https:\/\/emotionboatclub.com\/produit\/transferts-inter-iles#breadcrumb","itemListElement":[{"@type":"ListItem","position":1,"name":"Accueil","item":"https:\/\/emotionboatclub.com\/"},{"@type":"ListItem","position":2,"name":"Produits","item":"https:\/\/emotionboatclub.com\/shop"},{"@type":"ListItem","position":3,"name":"Transferts inter-\u00eeles"}]},{"@type":"WebSite","@id":"https:\/\/emotionboatclub.com\/#website","url":"https:\/\/emotionboatclub.com\/","name":"Emotion Boat Club","description":"Naviguez vers vos r\u00eaves","publisher":{"@id":"https:\/\/emotionboatclub.com\/#organization"},"alternateName":"Emotion Boat","potentialAction":[{"@type":"SearchAction","target":{"@type":"EntryPoint","urlTemplate":"https:\/\/emotionboatclub.com\/?s={search_term_string}"},"query-input":{"@type":"PropertyValueSpecification","valueRequired":true,"valueName":"search_term_string"}}],"inLanguage":"en-US"},{"@type":"Organization","@id":"https:\/\/emotionboatclub.com\/#organization","name":"Emotion Boat Club","url":"https:\/\/emotionboatclub.com\/","logo":{"@type":"ImageObject","inLanguage":"en-US","@id":"https:\/\/emotionboatclub.com\/#\/schema\/logo\/image\/","url":"https:\/\/emotionboatclub.com\/wp-content\/uploads\/2025\/01\/Icon-Emotion-Boat-club-and-charter-sxm.png","contentUrl":"https:\/\/emotionboatclub.com\/wp-content\/uploads\/2025\/01\/Icon-Emotion-Boat-club-and-charter-sxm.png","width":512,"height":512,"caption":"Emotion Boat Club"},"image":{"@id":"https:\/\/emotionboatclub.com\/#\/schema\/logo\/image\/"},"sameAs":["https:\/\/www.facebook.com\/profile.php?id=61557965524032","https:\/\/www.instagram.com\/emotionboatclub\/"]}]}},"_links":{"self":[{"href":"https:\/\/emotionboatclub.com\/en\/wp-json\/wp\/v2\/product\/5403","targetHints":{"allow":["GET"]}}],"collection":[{"href":"https:\/\/emotionboatclub.com\/en\/wp-json\/wp\/v2\/product"}],"about":[{"href":"https:\/\/emotionboatclub.com\/en\/wp-json\/wp\/v2\/types\/product"}],"replies":[{"embeddable":true,"href":"https:\/\/emotionboatclub.com\/en\/wp-json\/wp\/v2\/comments?post=5403"}],"wp:featuredmedia":[{"embeddable":true,"href":"https:\/\/emotionboatclub.com\/en\/wp-json\/wp\/v2\/media\/4556"}],"wp:attachment":[{"href":"https:\/\/emotionboatclub.com\/en\/wp-json\/wp\/v2\/media?parent=5403"}],"wp:term":[{"taxonomy":"product_brand","embeddable":true,"href":"https:\/\/emotionboatclub.com\/en\/wp-json\/wp\/v2\/product_brand?post=5403"},{"taxonomy":"product_cat","embeddable":true,"href":"https:\/\/emotionboatclub.com\/en\/wp-json\/wp\/v2\/product_cat?post=5403"},{"taxonomy":"product_tag","embeddable":true,"href":"https:\/\/emotionboatclub.com\/en\/wp-json\/wp\/v2\/product_tag?post=5403"}],"curies":[{"name":"wp","href":"https:\/\/api.w.org\/{rel}","templated":true}]}}