{"id":6331,"date":"2024-09-10T01:24:53","date_gmt":"2024-09-10T01:24:53","guid":{"rendered":"https:\/\/emotionboatclub.com\/?post_type=product&#038;p=6331"},"modified":"2024-10-17T18:34:36","modified_gmt":"2024-10-17T18:34:36","slug":"privatiser-axopar-37-sun-top","status":"publish","type":"product","link":"https:\/\/emotionboatclub.com\/en\/product\/privatiser-axopar-37-sun-top","title":{"rendered":"Privatiser l&rsquo;Axopar 37 Sun Top Mediterranea edition"},"content":{"rendered":"","protected":false},"excerpt":{"rendered":"<p>Naviguez entre les \u00eeles de Saint-Martin, Saint-Barth\u00e9lemy, et Anguilla \u00e0 bord de l&rsquo;Axopar 37 Sun Top pour une journ\u00e9e ou une demi-journ\u00e9e. Profitez d\u2019un service personnalis\u00e9 et de tout le confort n\u00e9cessaire pour une aventure en mer m\u00e9morable.<\/p>","protected":false},"featured_media":4495,"comment_status":"open","ping_status":"closed","template":"","meta":[],"product_brand":[],"product_cat":[22],"product_tag":[],"class_list":{"0":"post-6331","1":"product","2":"type-product","3":"status-publish","4":"has-post-thumbnail","6":"product_cat-non-classe","8":"first","9":"instock","10":"sold-individually","11":"shipping-taxable","12":"purchasable","13":"product-type-variable"},"yoast_head":"<!-- This site is optimized with the Yoast SEO plugin v27.4 - https:\/\/yoast.com\/product\/yoast-seo-wordpress\/ -->\n<title>Privatiser l&#039;Axopar 37 Sun Top Mediterranea edition | Emotion Boat Club<\/title>\n<meta name=\"robots\" content=\"index, follow, max-snippet:-1, max-image-preview:large, max-video-preview:-1\" \/>\n<link rel=\"canonical\" href=\"https:\/\/emotionboatclub.com\/en\/product\/privatiser-axopar-37-sun-top\/\" \/>\n<meta property=\"og:locale\" content=\"en_US\" \/>\n<meta property=\"og:type\" content=\"article\" \/>\n<meta property=\"og:title\" content=\"Privatiser l&#039;Axopar 37 Sun Top Mediterranea edition | Emotion Boat Club\" \/>\n<meta property=\"og:description\" content=\"Naviguez entre les \u00eeles de Saint-Martin, Saint-Barth\u00e9lemy, et Anguilla \u00e0 bord de l&#039;Axopar 37 Sun Top pour une journ\u00e9e ou une demi-journ\u00e9e. Profitez d\u2019un service personnalis\u00e9 et de tout le confort n\u00e9cessaire pour une aventure en mer m\u00e9morable.\" \/>\n<meta property=\"og:url\" content=\"https:\/\/emotionboatclub.com\/en\/product\/privatiser-axopar-37-sun-top\/\" \/>\n<meta property=\"og:site_name\" content=\"Emotion Boat Club\" \/>\n<meta property=\"article:publisher\" content=\"https:\/\/www.facebook.com\/profile.php?id=61557965524032\" \/>\n<meta property=\"article:modified_time\" content=\"2024-10-17T18:34:36+00:00\" \/>\n<meta property=\"og:image\" content=\"https:\/\/emotionboatclub.com\/wp-content\/uploads\/2024\/08\/Axopar-37-ST-gallery_C4A2889_VSCO-3-scaled.jpg\" \/>\n\t<meta property=\"og:image:width\" content=\"2560\" \/>\n\t<meta property=\"og:image:height\" content=\"1707\" \/>\n\t<meta property=\"og:image:type\" content=\"image\/jpeg\" \/>\n<meta name=\"twitter:card\" content=\"summary_large_image\" \/>\n<script type=\"application\/ld+json\" class=\"yoast-schema-graph\">{\"@context\":\"https:\\\/\\\/schema.org\",\"@graph\":[{\"@type\":\"WebPage\",\"@id\":\"https:\\\/\\\/emotionboatclub.com\\\/produit\\\/privatiser-axopar-37-sun-top\",\"url\":\"https:\\\/\\\/emotionboatclub.com\\\/produit\\\/privatiser-axopar-37-sun-top\",\"name\":\"Privatiser l'Axopar 37 Sun Top Mediterranea edition | Emotion Boat Club\",\"isPartOf\":{\"@id\":\"https:\\\/\\\/emotionboatclub.com\\\/#website\"},\"primaryImageOfPage\":{\"@id\":\"https:\\\/\\\/emotionboatclub.com\\\/produit\\\/privatiser-axopar-37-sun-top#primaryimage\"},\"image\":{\"@id\":\"https:\\\/\\\/emotionboatclub.com\\\/produit\\\/privatiser-axopar-37-sun-top#primaryimage\"},\"thumbnailUrl\":\"https:\\\/\\\/emotionboatclub.com\\\/wp-content\\\/uploads\\\/2024\\\/08\\\/Axopar-37-ST-gallery_C4A2889_VSCO-3-scaled.jpg\",\"datePublished\":\"2024-09-10T01:24:53+00:00\",\"dateModified\":\"2024-10-17T18:34:36+00:00\",\"breadcrumb\":{\"@id\":\"https:\\\/\\\/emotionboatclub.com\\\/produit\\\/privatiser-axopar-37-sun-top#breadcrumb\"},\"inLanguage\":\"en-US\",\"potentialAction\":[{\"@type\":\"ReadAction\",\"target\":[\"https:\\\/\\\/emotionboatclub.com\\\/produit\\\/privatiser-axopar-37-sun-top\"]}]},{\"@type\":\"ImageObject\",\"inLanguage\":\"en-US\",\"@id\":\"https:\\\/\\\/emotionboatclub.com\\\/produit\\\/privatiser-axopar-37-sun-top#primaryimage\",\"url\":\"https:\\\/\\\/emotionboatclub.com\\\/wp-content\\\/uploads\\\/2024\\\/08\\\/Axopar-37-ST-gallery_C4A2889_VSCO-3-scaled.jpg\",\"contentUrl\":\"https:\\\/\\\/emotionboatclub.com\\\/wp-content\\\/uploads\\\/2024\\\/08\\\/Axopar-37-ST-gallery_C4A2889_VSCO-3-scaled.jpg\",\"width\":2560,\"height\":1707,\"caption\":\"Processed with VSCO with kp2 preset\"},{\"@type\":\"BreadcrumbList\",\"@id\":\"https:\\\/\\\/emotionboatclub.com\\\/produit\\\/privatiser-axopar-37-sun-top#breadcrumb\",\"itemListElement\":[{\"@type\":\"ListItem\",\"position\":1,\"name\":\"Accueil\",\"item\":\"https:\\\/\\\/emotionboatclub.com\\\/\"},{\"@type\":\"ListItem\",\"position\":2,\"name\":\"Produits\",\"item\":\"https:\\\/\\\/emotionboatclub.com\\\/shop\"},{\"@type\":\"ListItem\",\"position\":3,\"name\":\"Privatiser l&rsquo;Axopar 37 Sun Top Mediterranea edition\"}]},{\"@type\":\"WebSite\",\"@id\":\"https:\\\/\\\/emotionboatclub.com\\\/#website\",\"url\":\"https:\\\/\\\/emotionboatclub.com\\\/\",\"name\":\"Emotion Boat Club\",\"description\":\"Naviguez vers vos r\u00eaves\",\"publisher\":{\"@id\":\"https:\\\/\\\/emotionboatclub.com\\\/#organization\"},\"alternateName\":\"Emotion Boat\",\"potentialAction\":[{\"@type\":\"SearchAction\",\"target\":{\"@type\":\"EntryPoint\",\"urlTemplate\":\"https:\\\/\\\/emotionboatclub.com\\\/?s={search_term_string}\"},\"query-input\":{\"@type\":\"PropertyValueSpecification\",\"valueRequired\":true,\"valueName\":\"search_term_string\"}}],\"inLanguage\":\"en-US\"},{\"@type\":\"Organization\",\"@id\":\"https:\\\/\\\/emotionboatclub.com\\\/#organization\",\"name\":\"Emotion Boat Club\",\"url\":\"https:\\\/\\\/emotionboatclub.com\\\/\",\"logo\":{\"@type\":\"ImageObject\",\"inLanguage\":\"en-US\",\"@id\":\"https:\\\/\\\/emotionboatclub.com\\\/#\\\/schema\\\/logo\\\/image\\\/\",\"url\":\"https:\\\/\\\/emotionboatclub.com\\\/wp-content\\\/uploads\\\/2025\\\/01\\\/Icon-Emotion-Boat-club-and-charter-sxm.png\",\"contentUrl\":\"https:\\\/\\\/emotionboatclub.com\\\/wp-content\\\/uploads\\\/2025\\\/01\\\/Icon-Emotion-Boat-club-and-charter-sxm.png\",\"width\":512,\"height\":512,\"caption\":\"Emotion Boat Club\"},\"image\":{\"@id\":\"https:\\\/\\\/emotionboatclub.com\\\/#\\\/schema\\\/logo\\\/image\\\/\"},\"sameAs\":[\"https:\\\/\\\/www.facebook.com\\\/profile.php?id=61557965524032\",\"https:\\\/\\\/www.instagram.com\\\/emotionboatclub\\\/\"]}]}<\/script>\n<!-- \/ Yoast SEO plugin. -->","yoast_head_json":{"title":"Privatiser l'Axopar 37 Sun Top Mediterranea edition | Emotion Boat Club","robots":{"index":"index","follow":"follow","max-snippet":"max-snippet:-1","max-image-preview":"max-image-preview:large","max-video-preview":"max-video-preview:-1"},"canonical":"https:\/\/emotionboatclub.com\/en\/product\/privatiser-axopar-37-sun-top\/","og_locale":"en_US","og_type":"article","og_title":"Privatiser l'Axopar 37 Sun Top Mediterranea edition | Emotion Boat Club","og_description":"Naviguez entre les \u00eeles de Saint-Martin, Saint-Barth\u00e9lemy, et Anguilla \u00e0 bord de l'Axopar 37 Sun Top pour une journ\u00e9e ou une demi-journ\u00e9e. Profitez d\u2019un service personnalis\u00e9 et de tout le confort n\u00e9cessaire pour une aventure en mer m\u00e9morable.","og_url":"https:\/\/emotionboatclub.com\/en\/product\/privatiser-axopar-37-sun-top\/","og_site_name":"Emotion Boat Club","article_publisher":"https:\/\/www.facebook.com\/profile.php?id=61557965524032","article_modified_time":"2024-10-17T18:34:36+00:00","og_image":[{"width":2560,"height":1707,"url":"https:\/\/emotionboatclub.com\/wp-content\/uploads\/2024\/08\/Axopar-37-ST-gallery_C4A2889_VSCO-3-scaled.jpg","type":"image\/jpeg"}],"twitter_card":"summary_large_image","schema":{"@context":"https:\/\/schema.org","@graph":[{"@type":"WebPage","@id":"https:\/\/emotionboatclub.com\/produit\/privatiser-axopar-37-sun-top","url":"https:\/\/emotionboatclub.com\/produit\/privatiser-axopar-37-sun-top","name":"Privatiser l'Axopar 37 Sun Top Mediterranea edition | Emotion Boat Club","isPartOf":{"@id":"https:\/\/emotionboatclub.com\/#website"},"primaryImageOfPage":{"@id":"https:\/\/emotionboatclub.com\/produit\/privatiser-axopar-37-sun-top#primaryimage"},"image":{"@id":"https:\/\/emotionboatclub.com\/produit\/privatiser-axopar-37-sun-top#primaryimage"},"thumbnailUrl":"https:\/\/emotionboatclub.com\/wp-content\/uploads\/2024\/08\/Axopar-37-ST-gallery_C4A2889_VSCO-3-scaled.jpg","datePublished":"2024-09-10T01:24:53+00:00","dateModified":"2024-10-17T18:34:36+00:00","breadcrumb":{"@id":"https:\/\/emotionboatclub.com\/produit\/privatiser-axopar-37-sun-top#breadcrumb"},"inLanguage":"en-US","potentialAction":[{"@type":"ReadAction","target":["https:\/\/emotionboatclub.com\/produit\/privatiser-axopar-37-sun-top"]}]},{"@type":"ImageObject","inLanguage":"en-US","@id":"https:\/\/emotionboatclub.com\/produit\/privatiser-axopar-37-sun-top#primaryimage","url":"https:\/\/emotionboatclub.com\/wp-content\/uploads\/2024\/08\/Axopar-37-ST-gallery_C4A2889_VSCO-3-scaled.jpg","contentUrl":"https:\/\/emotionboatclub.com\/wp-content\/uploads\/2024\/08\/Axopar-37-ST-gallery_C4A2889_VSCO-3-scaled.jpg","width":2560,"height":1707,"caption":"Processed with VSCO with kp2 preset"},{"@type":"BreadcrumbList","@id":"https:\/\/emotionboatclub.com\/produit\/privatiser-axopar-37-sun-top#breadcrumb","itemListElement":[{"@type":"ListItem","position":1,"name":"Accueil","item":"https:\/\/emotionboatclub.com\/"},{"@type":"ListItem","position":2,"name":"Produits","item":"https:\/\/emotionboatclub.com\/shop"},{"@type":"ListItem","position":3,"name":"Privatiser l&rsquo;Axopar 37 Sun Top Mediterranea edition"}]},{"@type":"WebSite","@id":"https:\/\/emotionboatclub.com\/#website","url":"https:\/\/emotionboatclub.com\/","name":"Emotion Boat Club","description":"Naviguez vers vos r\u00eaves","publisher":{"@id":"https:\/\/emotionboatclub.com\/#organization"},"alternateName":"Emotion Boat","potentialAction":[{"@type":"SearchAction","target":{"@type":"EntryPoint","urlTemplate":"https:\/\/emotionboatclub.com\/?s={search_term_string}"},"query-input":{"@type":"PropertyValueSpecification","valueRequired":true,"valueName":"search_term_string"}}],"inLanguage":"en-US"},{"@type":"Organization","@id":"https:\/\/emotionboatclub.com\/#organization","name":"Emotion Boat Club","url":"https:\/\/emotionboatclub.com\/","logo":{"@type":"ImageObject","inLanguage":"en-US","@id":"https:\/\/emotionboatclub.com\/#\/schema\/logo\/image\/","url":"https:\/\/emotionboatclub.com\/wp-content\/uploads\/2025\/01\/Icon-Emotion-Boat-club-and-charter-sxm.png","contentUrl":"https:\/\/emotionboatclub.com\/wp-content\/uploads\/2025\/01\/Icon-Emotion-Boat-club-and-charter-sxm.png","width":512,"height":512,"caption":"Emotion Boat Club"},"image":{"@id":"https:\/\/emotionboatclub.com\/#\/schema\/logo\/image\/"},"sameAs":["https:\/\/www.facebook.com\/profile.php?id=61557965524032","https:\/\/www.instagram.com\/emotionboatclub\/"]}]}},"_links":{"self":[{"href":"https:\/\/emotionboatclub.com\/en\/wp-json\/wp\/v2\/product\/6331","targetHints":{"allow":["GET"]}}],"collection":[{"href":"https:\/\/emotionboatclub.com\/en\/wp-json\/wp\/v2\/product"}],"about":[{"href":"https:\/\/emotionboatclub.com\/en\/wp-json\/wp\/v2\/types\/product"}],"replies":[{"embeddable":true,"href":"https:\/\/emotionboatclub.com\/en\/wp-json\/wp\/v2\/comments?post=6331"}],"wp:featuredmedia":[{"embeddable":true,"href":"https:\/\/emotionboatclub.com\/en\/wp-json\/wp\/v2\/media\/4495"}],"wp:attachment":[{"href":"https:\/\/emotionboatclub.com\/en\/wp-json\/wp\/v2\/media?parent=6331"}],"wp:term":[{"taxonomy":"product_brand","embeddable":true,"href":"https:\/\/emotionboatclub.com\/en\/wp-json\/wp\/v2\/product_brand?post=6331"},{"taxonomy":"product_cat","embeddable":true,"href":"https:\/\/emotionboatclub.com\/en\/wp-json\/wp\/v2\/product_cat?post=6331"},{"taxonomy":"product_tag","embeddable":true,"href":"https:\/\/emotionboatclub.com\/en\/wp-json\/wp\/v2\/product_tag?post=6331"}],"curies":[{"name":"wp","href":"https:\/\/api.w.org\/{rel}","templated":true}]}}