{"id":9508,"date":"2024-10-17T18:35:09","date_gmt":"2024-10-17T18:35:09","guid":{"rendered":"https:\/\/emotionboatclub.com\/?post_type=product&#038;p=9508"},"modified":"2024-10-17T18:36:17","modified_gmt":"2024-10-17T18:36:17","slug":"privatiser-laxopar-37-sun-top-wet-bar","status":"publish","type":"product","link":"https:\/\/emotionboatclub.com\/en\/product\/privatiser-laxopar-37-sun-top-wet-bar","title":{"rendered":"Privatiser l&rsquo;Axopar 37 Sun Top Wet Bar"},"content":{"rendered":"","protected":false},"excerpt":{"rendered":"<p>Naviguez entre les \u00eeles de Saint-Martin, Saint-Barth\u00e9lemy, et Anguilla \u00e0 bord de l&rsquo;Axopar 37 Sun Top pour une journ\u00e9e ou une demi-journ\u00e9e. Profitez d\u2019un service personnalis\u00e9 et de tout le confort n\u00e9cessaire pour une aventure en mer m\u00e9morable.<\/p>","protected":false},"featured_media":9154,"comment_status":"open","ping_status":"closed","template":"","meta":[],"product_brand":[],"product_cat":[22],"product_tag":[],"class_list":{"0":"post-9508","1":"product","2":"type-product","3":"status-publish","4":"has-post-thumbnail","6":"product_cat-non-classe","8":"first","9":"instock","10":"sold-individually","11":"shipping-taxable","12":"purchasable","13":"product-type-variable"},"yoast_head":"<!-- This site is optimized with the Yoast SEO plugin v27.5 - https:\/\/yoast.com\/product\/yoast-seo-wordpress\/ -->\n<title>Privatiser l&#039;Axopar 37 Sun Top Wet Bar | Emotion Boat Club<\/title>\n<meta name=\"robots\" content=\"index, follow, max-snippet:-1, max-image-preview:large, max-video-preview:-1\" \/>\n<link rel=\"canonical\" href=\"https:\/\/emotionboatclub.com\/en\/product\/privatiser-laxopar-37-sun-top-wet-bar\" \/>\n<meta property=\"og:locale\" content=\"en_US\" \/>\n<meta property=\"og:type\" content=\"article\" \/>\n<meta property=\"og:title\" content=\"Privatiser l&#039;Axopar 37 Sun Top Wet Bar | Emotion Boat Club\" \/>\n<meta property=\"og:description\" content=\"Naviguez entre les \u00eeles de Saint-Martin, Saint-Barth\u00e9lemy, et Anguilla \u00e0 bord de l&#039;Axopar 37 Sun Top pour une journ\u00e9e ou une demi-journ\u00e9e. Profitez d\u2019un service personnalis\u00e9 et de tout le confort n\u00e9cessaire pour une aventure en mer m\u00e9morable.\" \/>\n<meta property=\"og:url\" content=\"https:\/\/emotionboatclub.com\/en\/product\/privatiser-laxopar-37-sun-top-wet-bar\" \/>\n<meta property=\"og:site_name\" content=\"Emotion Boat Club\" \/>\n<meta property=\"article:publisher\" content=\"https:\/\/www.facebook.com\/profile.php?id=61557965524032\" \/>\n<meta property=\"article:modified_time\" content=\"2024-10-17T18:36:17+00:00\" \/>\n<meta property=\"og:image\" content=\"https:\/\/emotionboatclub.com\/wp-content\/uploads\/2024\/10\/B7-scaled.jpeg\" \/>\n\t<meta property=\"og:image:width\" content=\"2560\" \/>\n\t<meta property=\"og:image:height\" content=\"1706\" \/>\n\t<meta property=\"og:image:type\" content=\"image\/jpeg\" \/>\n<meta name=\"twitter:card\" content=\"summary_large_image\" \/>\n<script type=\"application\/ld+json\" class=\"yoast-schema-graph\">{\"@context\":\"https:\\\/\\\/schema.org\",\"@graph\":[{\"@type\":\"WebPage\",\"@id\":\"https:\\\/\\\/emotionboatclub.com\\\/en\\\/product\\\/privatiser-laxopar-37-sun-top-wet-bar\",\"url\":\"https:\\\/\\\/emotionboatclub.com\\\/en\\\/product\\\/privatiser-laxopar-37-sun-top-wet-bar\",\"name\":\"Privatiser l'Axopar 37 Sun Top Wet Bar | Emotion Boat Club\",\"isPartOf\":{\"@id\":\"https:\\\/\\\/emotionboatclub.com\\\/#website\"},\"primaryImageOfPage\":{\"@id\":\"https:\\\/\\\/emotionboatclub.com\\\/en\\\/product\\\/privatiser-laxopar-37-sun-top-wet-bar#primaryimage\"},\"image\":{\"@id\":\"https:\\\/\\\/emotionboatclub.com\\\/en\\\/product\\\/privatiser-laxopar-37-sun-top-wet-bar#primaryimage\"},\"thumbnailUrl\":\"https:\\\/\\\/emotionboatclub.com\\\/wp-content\\\/uploads\\\/2024\\\/10\\\/B7-scaled.jpeg\",\"datePublished\":\"2024-10-17T18:35:09+00:00\",\"dateModified\":\"2024-10-17T18:36:17+00:00\",\"breadcrumb\":{\"@id\":\"https:\\\/\\\/emotionboatclub.com\\\/en\\\/product\\\/privatiser-laxopar-37-sun-top-wet-bar#breadcrumb\"},\"inLanguage\":\"en-US\",\"potentialAction\":[{\"@type\":\"ReadAction\",\"target\":[\"https:\\\/\\\/emotionboatclub.com\\\/en\\\/product\\\/privatiser-laxopar-37-sun-top-wet-bar\"]}]},{\"@type\":\"ImageObject\",\"inLanguage\":\"en-US\",\"@id\":\"https:\\\/\\\/emotionboatclub.com\\\/en\\\/product\\\/privatiser-laxopar-37-sun-top-wet-bar#primaryimage\",\"url\":\"https:\\\/\\\/emotionboatclub.com\\\/wp-content\\\/uploads\\\/2024\\\/10\\\/B7-scaled.jpeg\",\"contentUrl\":\"https:\\\/\\\/emotionboatclub.com\\\/wp-content\\\/uploads\\\/2024\\\/10\\\/B7-scaled.jpeg\",\"width\":2560,\"height\":1706},{\"@type\":\"BreadcrumbList\",\"@id\":\"https:\\\/\\\/emotionboatclub.com\\\/en\\\/product\\\/privatiser-laxopar-37-sun-top-wet-bar#breadcrumb\",\"itemListElement\":[{\"@type\":\"ListItem\",\"position\":1,\"name\":\"Accueil\",\"item\":\"https:\\\/\\\/emotionboatclub.com\\\/\"},{\"@type\":\"ListItem\",\"position\":2,\"name\":\"Produits\",\"item\":\"https:\\\/\\\/emotionboatclub.com\\\/shop\"},{\"@type\":\"ListItem\",\"position\":3,\"name\":\"Privatiser l&rsquo;Axopar 37 Sun Top Wet Bar\"}]},{\"@type\":\"WebSite\",\"@id\":\"https:\\\/\\\/emotionboatclub.com\\\/#website\",\"url\":\"https:\\\/\\\/emotionboatclub.com\\\/\",\"name\":\"Emotion Boat Club\",\"description\":\"Naviguez vers vos r\u00eaves\",\"publisher\":{\"@id\":\"https:\\\/\\\/emotionboatclub.com\\\/#organization\"},\"alternateName\":\"Emotion Boat\",\"potentialAction\":[{\"@type\":\"SearchAction\",\"target\":{\"@type\":\"EntryPoint\",\"urlTemplate\":\"https:\\\/\\\/emotionboatclub.com\\\/?s={search_term_string}\"},\"query-input\":{\"@type\":\"PropertyValueSpecification\",\"valueRequired\":true,\"valueName\":\"search_term_string\"}}],\"inLanguage\":\"en-US\"},{\"@type\":\"Organization\",\"@id\":\"https:\\\/\\\/emotionboatclub.com\\\/#organization\",\"name\":\"Emotion Boat Club\",\"url\":\"https:\\\/\\\/emotionboatclub.com\\\/\",\"logo\":{\"@type\":\"ImageObject\",\"inLanguage\":\"en-US\",\"@id\":\"https:\\\/\\\/emotionboatclub.com\\\/#\\\/schema\\\/logo\\\/image\\\/\",\"url\":\"https:\\\/\\\/emotionboatclub.com\\\/wp-content\\\/uploads\\\/2025\\\/01\\\/Icon-Emotion-Boat-club-and-charter-sxm.png\",\"contentUrl\":\"https:\\\/\\\/emotionboatclub.com\\\/wp-content\\\/uploads\\\/2025\\\/01\\\/Icon-Emotion-Boat-club-and-charter-sxm.png\",\"width\":512,\"height\":512,\"caption\":\"Emotion Boat Club\"},\"image\":{\"@id\":\"https:\\\/\\\/emotionboatclub.com\\\/#\\\/schema\\\/logo\\\/image\\\/\"},\"sameAs\":[\"https:\\\/\\\/www.facebook.com\\\/profile.php?id=61557965524032\",\"https:\\\/\\\/www.instagram.com\\\/emotionboatclub\\\/\"]}]}<\/script>\n<!-- \/ Yoast SEO plugin. -->","yoast_head_json":{"title":"Privatiser l'Axopar 37 Sun Top Wet Bar | Emotion Boat Club","robots":{"index":"index","follow":"follow","max-snippet":"max-snippet:-1","max-image-preview":"max-image-preview:large","max-video-preview":"max-video-preview:-1"},"canonical":"https:\/\/emotionboatclub.com\/en\/product\/privatiser-laxopar-37-sun-top-wet-bar","og_locale":"en_US","og_type":"article","og_title":"Privatiser l'Axopar 37 Sun Top Wet Bar | Emotion Boat Club","og_description":"Naviguez entre les \u00eeles de Saint-Martin, Saint-Barth\u00e9lemy, et Anguilla \u00e0 bord de l'Axopar 37 Sun Top pour une journ\u00e9e ou une demi-journ\u00e9e. Profitez d\u2019un service personnalis\u00e9 et de tout le confort n\u00e9cessaire pour une aventure en mer m\u00e9morable.","og_url":"https:\/\/emotionboatclub.com\/en\/product\/privatiser-laxopar-37-sun-top-wet-bar","og_site_name":"Emotion Boat Club","article_publisher":"https:\/\/www.facebook.com\/profile.php?id=61557965524032","article_modified_time":"2024-10-17T18:36:17+00:00","og_image":[{"width":2560,"height":1706,"url":"https:\/\/emotionboatclub.com\/wp-content\/uploads\/2024\/10\/B7-scaled.jpeg","type":"image\/jpeg"}],"twitter_card":"summary_large_image","schema":{"@context":"https:\/\/schema.org","@graph":[{"@type":"WebPage","@id":"https:\/\/emotionboatclub.com\/en\/product\/privatiser-laxopar-37-sun-top-wet-bar","url":"https:\/\/emotionboatclub.com\/en\/product\/privatiser-laxopar-37-sun-top-wet-bar","name":"Privatiser l'Axopar 37 Sun Top Wet Bar | Emotion Boat Club","isPartOf":{"@id":"https:\/\/emotionboatclub.com\/#website"},"primaryImageOfPage":{"@id":"https:\/\/emotionboatclub.com\/en\/product\/privatiser-laxopar-37-sun-top-wet-bar#primaryimage"},"image":{"@id":"https:\/\/emotionboatclub.com\/en\/product\/privatiser-laxopar-37-sun-top-wet-bar#primaryimage"},"thumbnailUrl":"https:\/\/emotionboatclub.com\/wp-content\/uploads\/2024\/10\/B7-scaled.jpeg","datePublished":"2024-10-17T18:35:09+00:00","dateModified":"2024-10-17T18:36:17+00:00","breadcrumb":{"@id":"https:\/\/emotionboatclub.com\/en\/product\/privatiser-laxopar-37-sun-top-wet-bar#breadcrumb"},"inLanguage":"en-US","potentialAction":[{"@type":"ReadAction","target":["https:\/\/emotionboatclub.com\/en\/product\/privatiser-laxopar-37-sun-top-wet-bar"]}]},{"@type":"ImageObject","inLanguage":"en-US","@id":"https:\/\/emotionboatclub.com\/en\/product\/privatiser-laxopar-37-sun-top-wet-bar#primaryimage","url":"https:\/\/emotionboatclub.com\/wp-content\/uploads\/2024\/10\/B7-scaled.jpeg","contentUrl":"https:\/\/emotionboatclub.com\/wp-content\/uploads\/2024\/10\/B7-scaled.jpeg","width":2560,"height":1706},{"@type":"BreadcrumbList","@id":"https:\/\/emotionboatclub.com\/en\/product\/privatiser-laxopar-37-sun-top-wet-bar#breadcrumb","itemListElement":[{"@type":"ListItem","position":1,"name":"Accueil","item":"https:\/\/emotionboatclub.com\/"},{"@type":"ListItem","position":2,"name":"Produits","item":"https:\/\/emotionboatclub.com\/shop"},{"@type":"ListItem","position":3,"name":"Privatiser l&rsquo;Axopar 37 Sun Top Wet Bar"}]},{"@type":"WebSite","@id":"https:\/\/emotionboatclub.com\/#website","url":"https:\/\/emotionboatclub.com\/","name":"Emotion Boat Club","description":"Naviguez vers vos r\u00eaves","publisher":{"@id":"https:\/\/emotionboatclub.com\/#organization"},"alternateName":"Emotion Boat","potentialAction":[{"@type":"SearchAction","target":{"@type":"EntryPoint","urlTemplate":"https:\/\/emotionboatclub.com\/?s={search_term_string}"},"query-input":{"@type":"PropertyValueSpecification","valueRequired":true,"valueName":"search_term_string"}}],"inLanguage":"en-US"},{"@type":"Organization","@id":"https:\/\/emotionboatclub.com\/#organization","name":"Emotion Boat Club","url":"https:\/\/emotionboatclub.com\/","logo":{"@type":"ImageObject","inLanguage":"en-US","@id":"https:\/\/emotionboatclub.com\/#\/schema\/logo\/image\/","url":"https:\/\/emotionboatclub.com\/wp-content\/uploads\/2025\/01\/Icon-Emotion-Boat-club-and-charter-sxm.png","contentUrl":"https:\/\/emotionboatclub.com\/wp-content\/uploads\/2025\/01\/Icon-Emotion-Boat-club-and-charter-sxm.png","width":512,"height":512,"caption":"Emotion Boat Club"},"image":{"@id":"https:\/\/emotionboatclub.com\/#\/schema\/logo\/image\/"},"sameAs":["https:\/\/www.facebook.com\/profile.php?id=61557965524032","https:\/\/www.instagram.com\/emotionboatclub\/"]}]}},"_links":{"self":[{"href":"https:\/\/emotionboatclub.com\/en\/wp-json\/wp\/v2\/product\/9508","targetHints":{"allow":["GET"]}}],"collection":[{"href":"https:\/\/emotionboatclub.com\/en\/wp-json\/wp\/v2\/product"}],"about":[{"href":"https:\/\/emotionboatclub.com\/en\/wp-json\/wp\/v2\/types\/product"}],"replies":[{"embeddable":true,"href":"https:\/\/emotionboatclub.com\/en\/wp-json\/wp\/v2\/comments?post=9508"}],"wp:featuredmedia":[{"embeddable":true,"href":"https:\/\/emotionboatclub.com\/en\/wp-json\/wp\/v2\/media\/9154"}],"wp:attachment":[{"href":"https:\/\/emotionboatclub.com\/en\/wp-json\/wp\/v2\/media?parent=9508"}],"wp:term":[{"taxonomy":"product_brand","embeddable":true,"href":"https:\/\/emotionboatclub.com\/en\/wp-json\/wp\/v2\/product_brand?post=9508"},{"taxonomy":"product_cat","embeddable":true,"href":"https:\/\/emotionboatclub.com\/en\/wp-json\/wp\/v2\/product_cat?post=9508"},{"taxonomy":"product_tag","embeddable":true,"href":"https:\/\/emotionboatclub.com\/en\/wp-json\/wp\/v2\/product_tag?post=9508"}],"curies":[{"name":"wp","href":"https:\/\/api.w.org\/{rel}","templated":true}]}}