{"id":9522,"date":"2024-10-17T18:36:42","date_gmt":"2024-10-17T18:36:42","guid":{"rendered":"https:\/\/emotionboatclub.com\/?post_type=product&#038;p=9522"},"modified":"2025-01-08T18:33:22","modified_gmt":"2025-01-08T18:33:22","slug":"privatiser-le-motion-42-sf-cabin-2","status":"publish","type":"product","link":"https:\/\/emotionboatclub.com\/en\/product\/privatiser-le-motion-42-sf-cabin-2","title":{"rendered":"Privatiser le Motion 42 SF"},"content":{"rendered":"","protected":false},"excerpt":{"rendered":"<p>Naviguez entre les \u00eeles de Saint-Martin, Saint-Barth\u00e9lemy, et Anguilla \u00e0 bord du Motion 42 SF pour une journ\u00e9e ou une demi-journ\u00e9e. Profitez d\u2019un service personnalis\u00e9 et de tout le confort n\u00e9cessaire pour une aventure en mer m\u00e9morable.<\/p>\n<p>Sur demande, nous proposons des options suppl\u00e9mentaires : seabob, paddle, kayak, repas \u00e0 bord.<br \/>\nN&rsquo;h\u00e9sitez pas \u00e0 nous contacter pour plus d&rsquo;informations.<\/p>","protected":false},"featured_media":4192,"comment_status":"open","ping_status":"closed","template":"","meta":[],"product_brand":[],"product_cat":[22],"product_tag":[],"class_list":{"0":"post-9522","1":"product","2":"type-product","3":"status-publish","4":"has-post-thumbnail","6":"product_cat-non-classe","8":"first","9":"instock","10":"sold-individually","11":"shipping-taxable","12":"purchasable","13":"product-type-variable"},"yoast_head":"<!-- This site is optimized with the Yoast SEO plugin v27.4 - https:\/\/yoast.com\/product\/yoast-seo-wordpress\/ -->\n<title>Privatiser le Motion 42 SF | Emotion Boat Charters<\/title>\n<meta name=\"description\" content=\"Charter the Motion 42 SF for a luxurious private boat trip in Saint Martin, St. Barth, or Anguilla. Comfort, skipper, snacks, and drinks included. Book now!\" \/>\n<meta name=\"robots\" content=\"index, follow, max-snippet:-1, max-image-preview:large, max-video-preview:-1\" \/>\n<link rel=\"canonical\" href=\"https:\/\/emotionboatclub.com\/en\/product\/privatiser-le-motion-42-sf-cabin-2\/\" \/>\n<meta property=\"og:locale\" content=\"en_US\" \/>\n<meta property=\"og:type\" content=\"article\" \/>\n<meta property=\"og:title\" content=\"Privatiser le Motion 42 SF | Emotion Boat Charters\" \/>\n<meta property=\"og:description\" content=\"Charter the Motion 42 SF for a luxurious private boat trip in Saint Martin, St. Barth, or Anguilla. Comfort, skipper, snacks, and drinks included. Book now!\" \/>\n<meta property=\"og:url\" content=\"https:\/\/emotionboatclub.com\/en\/product\/privatiser-le-motion-42-sf-cabin-2\/\" \/>\n<meta property=\"og:site_name\" content=\"Emotion Boat Club\" \/>\n<meta property=\"article:publisher\" content=\"https:\/\/www.facebook.com\/profile.php?id=61557965524032\" \/>\n<meta property=\"article:modified_time\" content=\"2025-01-08T18:33:22+00:00\" \/>\n<meta property=\"og:image\" content=\"https:\/\/emotionboatclub.com\/wp-content\/uploads\/2024\/08\/BF4AA077-FB46-4590-A0C5-82661149BFC5-scaled.jpg\" \/>\n\t<meta property=\"og:image:width\" content=\"2560\" \/>\n\t<meta property=\"og:image:height\" content=\"1706\" \/>\n\t<meta property=\"og:image:type\" content=\"image\/jpeg\" \/>\n<meta name=\"twitter:card\" content=\"summary_large_image\" \/>\n<meta name=\"twitter:label1\" content=\"Est. reading time\" \/>\n\t<meta name=\"twitter:data1\" content=\"1 minute\" \/>\n<script type=\"application\/ld+json\" class=\"yoast-schema-graph\">{\"@context\":\"https:\\\/\\\/schema.org\",\"@graph\":[{\"@type\":\"WebPage\",\"@id\":\"https:\\\/\\\/emotionboatclub.com\\\/produit\\\/privatiser-le-motion-42-sf-cabin-2\",\"url\":\"https:\\\/\\\/emotionboatclub.com\\\/produit\\\/privatiser-le-motion-42-sf-cabin-2\",\"name\":\"Privatiser le Motion 42 SF | Emotion Boat Charters\",\"isPartOf\":{\"@id\":\"https:\\\/\\\/emotionboatclub.com\\\/#website\"},\"primaryImageOfPage\":{\"@id\":\"https:\\\/\\\/emotionboatclub.com\\\/produit\\\/privatiser-le-motion-42-sf-cabin-2#primaryimage\"},\"image\":{\"@id\":\"https:\\\/\\\/emotionboatclub.com\\\/produit\\\/privatiser-le-motion-42-sf-cabin-2#primaryimage\"},\"thumbnailUrl\":\"https:\\\/\\\/emotionboatclub.com\\\/wp-content\\\/uploads\\\/2024\\\/08\\\/BF4AA077-FB46-4590-A0C5-82661149BFC5-scaled.jpg\",\"datePublished\":\"2024-10-17T18:36:42+00:00\",\"dateModified\":\"2025-01-08T18:33:22+00:00\",\"description\":\"Charter the Motion 42 SF for a luxurious private boat trip in Saint Martin, St. Barth, or Anguilla. Comfort, skipper, snacks, and drinks included. Book now!\",\"breadcrumb\":{\"@id\":\"https:\\\/\\\/emotionboatclub.com\\\/produit\\\/privatiser-le-motion-42-sf-cabin-2#breadcrumb\"},\"inLanguage\":\"en-US\",\"potentialAction\":[{\"@type\":\"ReadAction\",\"target\":[\"https:\\\/\\\/emotionboatclub.com\\\/produit\\\/privatiser-le-motion-42-sf-cabin-2\"]}]},{\"@type\":\"ImageObject\",\"inLanguage\":\"en-US\",\"@id\":\"https:\\\/\\\/emotionboatclub.com\\\/produit\\\/privatiser-le-motion-42-sf-cabin-2#primaryimage\",\"url\":\"https:\\\/\\\/emotionboatclub.com\\\/wp-content\\\/uploads\\\/2024\\\/08\\\/BF4AA077-FB46-4590-A0C5-82661149BFC5-scaled.jpg\",\"contentUrl\":\"https:\\\/\\\/emotionboatclub.com\\\/wp-content\\\/uploads\\\/2024\\\/08\\\/BF4AA077-FB46-4590-A0C5-82661149BFC5-scaled.jpg\",\"width\":2560,\"height\":1706,\"caption\":\"Processed with VSCO with we preset\"},{\"@type\":\"BreadcrumbList\",\"@id\":\"https:\\\/\\\/emotionboatclub.com\\\/produit\\\/privatiser-le-motion-42-sf-cabin-2#breadcrumb\",\"itemListElement\":[{\"@type\":\"ListItem\",\"position\":1,\"name\":\"Accueil\",\"item\":\"https:\\\/\\\/emotionboatclub.com\\\/\"},{\"@type\":\"ListItem\",\"position\":2,\"name\":\"Produits\",\"item\":\"https:\\\/\\\/emotionboatclub.com\\\/shop\"},{\"@type\":\"ListItem\",\"position\":3,\"name\":\"Privatiser le Motion 42 SF\"}]},{\"@type\":\"WebSite\",\"@id\":\"https:\\\/\\\/emotionboatclub.com\\\/#website\",\"url\":\"https:\\\/\\\/emotionboatclub.com\\\/\",\"name\":\"Emotion Boat Club\",\"description\":\"Naviguez vers vos r\u00eaves\",\"publisher\":{\"@id\":\"https:\\\/\\\/emotionboatclub.com\\\/#organization\"},\"alternateName\":\"Emotion Boat\",\"potentialAction\":[{\"@type\":\"SearchAction\",\"target\":{\"@type\":\"EntryPoint\",\"urlTemplate\":\"https:\\\/\\\/emotionboatclub.com\\\/?s={search_term_string}\"},\"query-input\":{\"@type\":\"PropertyValueSpecification\",\"valueRequired\":true,\"valueName\":\"search_term_string\"}}],\"inLanguage\":\"en-US\"},{\"@type\":\"Organization\",\"@id\":\"https:\\\/\\\/emotionboatclub.com\\\/#organization\",\"name\":\"Emotion Boat Club\",\"url\":\"https:\\\/\\\/emotionboatclub.com\\\/\",\"logo\":{\"@type\":\"ImageObject\",\"inLanguage\":\"en-US\",\"@id\":\"https:\\\/\\\/emotionboatclub.com\\\/#\\\/schema\\\/logo\\\/image\\\/\",\"url\":\"https:\\\/\\\/emotionboatclub.com\\\/wp-content\\\/uploads\\\/2025\\\/01\\\/Icon-Emotion-Boat-club-and-charter-sxm.png\",\"contentUrl\":\"https:\\\/\\\/emotionboatclub.com\\\/wp-content\\\/uploads\\\/2025\\\/01\\\/Icon-Emotion-Boat-club-and-charter-sxm.png\",\"width\":512,\"height\":512,\"caption\":\"Emotion Boat Club\"},\"image\":{\"@id\":\"https:\\\/\\\/emotionboatclub.com\\\/#\\\/schema\\\/logo\\\/image\\\/\"},\"sameAs\":[\"https:\\\/\\\/www.facebook.com\\\/profile.php?id=61557965524032\",\"https:\\\/\\\/www.instagram.com\\\/emotionboatclub\\\/\"]}]}<\/script>\n<!-- \/ Yoast SEO plugin. -->","yoast_head_json":{"title":"Privatiser le Motion 42 SF | Emotion Boat Charters","description":"Charter the Motion 42 SF for a luxurious private boat trip in Saint Martin, St. Barth, or Anguilla. Comfort, skipper, snacks, and drinks included. Book now!","robots":{"index":"index","follow":"follow","max-snippet":"max-snippet:-1","max-image-preview":"max-image-preview:large","max-video-preview":"max-video-preview:-1"},"canonical":"https:\/\/emotionboatclub.com\/en\/product\/privatiser-le-motion-42-sf-cabin-2\/","og_locale":"en_US","og_type":"article","og_title":"Privatiser le Motion 42 SF | Emotion Boat Charters","og_description":"Charter the Motion 42 SF for a luxurious private boat trip in Saint Martin, St. Barth, or Anguilla. Comfort, skipper, snacks, and drinks included. Book now!","og_url":"https:\/\/emotionboatclub.com\/en\/product\/privatiser-le-motion-42-sf-cabin-2\/","og_site_name":"Emotion Boat Club","article_publisher":"https:\/\/www.facebook.com\/profile.php?id=61557965524032","article_modified_time":"2025-01-08T18:33:22+00:00","og_image":[{"width":2560,"height":1706,"url":"https:\/\/emotionboatclub.com\/wp-content\/uploads\/2024\/08\/BF4AA077-FB46-4590-A0C5-82661149BFC5-scaled.jpg","type":"image\/jpeg"}],"twitter_card":"summary_large_image","twitter_misc":{"Est. reading time":"1 minute"},"schema":{"@context":"https:\/\/schema.org","@graph":[{"@type":"WebPage","@id":"https:\/\/emotionboatclub.com\/produit\/privatiser-le-motion-42-sf-cabin-2","url":"https:\/\/emotionboatclub.com\/produit\/privatiser-le-motion-42-sf-cabin-2","name":"Privatiser le Motion 42 SF | Emotion Boat Charters","isPartOf":{"@id":"https:\/\/emotionboatclub.com\/#website"},"primaryImageOfPage":{"@id":"https:\/\/emotionboatclub.com\/produit\/privatiser-le-motion-42-sf-cabin-2#primaryimage"},"image":{"@id":"https:\/\/emotionboatclub.com\/produit\/privatiser-le-motion-42-sf-cabin-2#primaryimage"},"thumbnailUrl":"https:\/\/emotionboatclub.com\/wp-content\/uploads\/2024\/08\/BF4AA077-FB46-4590-A0C5-82661149BFC5-scaled.jpg","datePublished":"2024-10-17T18:36:42+00:00","dateModified":"2025-01-08T18:33:22+00:00","description":"Charter the Motion 42 SF for a luxurious private boat trip in Saint Martin, St. Barth, or Anguilla. Comfort, skipper, snacks, and drinks included. Book now!","breadcrumb":{"@id":"https:\/\/emotionboatclub.com\/produit\/privatiser-le-motion-42-sf-cabin-2#breadcrumb"},"inLanguage":"en-US","potentialAction":[{"@type":"ReadAction","target":["https:\/\/emotionboatclub.com\/produit\/privatiser-le-motion-42-sf-cabin-2"]}]},{"@type":"ImageObject","inLanguage":"en-US","@id":"https:\/\/emotionboatclub.com\/produit\/privatiser-le-motion-42-sf-cabin-2#primaryimage","url":"https:\/\/emotionboatclub.com\/wp-content\/uploads\/2024\/08\/BF4AA077-FB46-4590-A0C5-82661149BFC5-scaled.jpg","contentUrl":"https:\/\/emotionboatclub.com\/wp-content\/uploads\/2024\/08\/BF4AA077-FB46-4590-A0C5-82661149BFC5-scaled.jpg","width":2560,"height":1706,"caption":"Processed with VSCO with we preset"},{"@type":"BreadcrumbList","@id":"https:\/\/emotionboatclub.com\/produit\/privatiser-le-motion-42-sf-cabin-2#breadcrumb","itemListElement":[{"@type":"ListItem","position":1,"name":"Accueil","item":"https:\/\/emotionboatclub.com\/"},{"@type":"ListItem","position":2,"name":"Produits","item":"https:\/\/emotionboatclub.com\/shop"},{"@type":"ListItem","position":3,"name":"Privatiser le Motion 42 SF"}]},{"@type":"WebSite","@id":"https:\/\/emotionboatclub.com\/#website","url":"https:\/\/emotionboatclub.com\/","name":"Emotion Boat Club","description":"Naviguez vers vos r\u00eaves","publisher":{"@id":"https:\/\/emotionboatclub.com\/#organization"},"alternateName":"Emotion Boat","potentialAction":[{"@type":"SearchAction","target":{"@type":"EntryPoint","urlTemplate":"https:\/\/emotionboatclub.com\/?s={search_term_string}"},"query-input":{"@type":"PropertyValueSpecification","valueRequired":true,"valueName":"search_term_string"}}],"inLanguage":"en-US"},{"@type":"Organization","@id":"https:\/\/emotionboatclub.com\/#organization","name":"Emotion Boat Club","url":"https:\/\/emotionboatclub.com\/","logo":{"@type":"ImageObject","inLanguage":"en-US","@id":"https:\/\/emotionboatclub.com\/#\/schema\/logo\/image\/","url":"https:\/\/emotionboatclub.com\/wp-content\/uploads\/2025\/01\/Icon-Emotion-Boat-club-and-charter-sxm.png","contentUrl":"https:\/\/emotionboatclub.com\/wp-content\/uploads\/2025\/01\/Icon-Emotion-Boat-club-and-charter-sxm.png","width":512,"height":512,"caption":"Emotion Boat Club"},"image":{"@id":"https:\/\/emotionboatclub.com\/#\/schema\/logo\/image\/"},"sameAs":["https:\/\/www.facebook.com\/profile.php?id=61557965524032","https:\/\/www.instagram.com\/emotionboatclub\/"]}]}},"_links":{"self":[{"href":"https:\/\/emotionboatclub.com\/en\/wp-json\/wp\/v2\/product\/9522","targetHints":{"allow":["GET"]}}],"collection":[{"href":"https:\/\/emotionboatclub.com\/en\/wp-json\/wp\/v2\/product"}],"about":[{"href":"https:\/\/emotionboatclub.com\/en\/wp-json\/wp\/v2\/types\/product"}],"replies":[{"embeddable":true,"href":"https:\/\/emotionboatclub.com\/en\/wp-json\/wp\/v2\/comments?post=9522"}],"wp:featuredmedia":[{"embeddable":true,"href":"https:\/\/emotionboatclub.com\/en\/wp-json\/wp\/v2\/media\/4192"}],"wp:attachment":[{"href":"https:\/\/emotionboatclub.com\/en\/wp-json\/wp\/v2\/media?parent=9522"}],"wp:term":[{"taxonomy":"product_brand","embeddable":true,"href":"https:\/\/emotionboatclub.com\/en\/wp-json\/wp\/v2\/product_brand?post=9522"},{"taxonomy":"product_cat","embeddable":true,"href":"https:\/\/emotionboatclub.com\/en\/wp-json\/wp\/v2\/product_cat?post=9522"},{"taxonomy":"product_tag","embeddable":true,"href":"https:\/\/emotionboatclub.com\/en\/wp-json\/wp\/v2\/product_tag?post=9522"}],"curies":[{"name":"wp","href":"https:\/\/api.w.org\/{rel}","templated":true}]}}